{"id":2433,"date":"2026-01-26T16:31:21","date_gmt":"2026-01-26T15:31:21","guid":{"rendered":"https:\/\/www.hotel-muegge.de\/?page_id=2433"},"modified":"2026-03-18T17:17:23","modified_gmt":"2026-03-18T16:17:23","slug":"jobs","status":"publish","type":"page","link":"https:\/\/www.hotel-muegge.de\/en\/jobs\/","title":{"rendered":"Jobs"},"content":{"rendered":"<div data-elementor-type=\"wp-page\" data-elementor-id=\"2433\" class=\"elementor elementor-2433\" data-elementor-post-type=\"page\">\n\t\t\t\t<div class=\"elementor-element elementor-element-5a6e05a e-flex e-con-boxed e-con e-parent\" data-id=\"5a6e05a\" data-element_type=\"container\" data-e-type=\"container\">\n\t\t\t\t\t<div class=\"e-con-inner\">\n\t\t<div class=\"elementor-element elementor-element-c71fd4c animated-slow e-con-full e-flex elementor-invisible e-con e-child\" data-id=\"c71fd4c\" data-element_type=\"container\" data-e-type=\"container\" data-settings=\"{&quot;animation&quot;:&quot;slideInDown&quot;}\">\n\t\t\t\t<\/div>\n\t\t\t\t\t<\/div>\n\t\t\t\t<\/div>\n\t\t<div class=\"elementor-element elementor-element-77be2a2 e-flex e-con-boxed e-con e-parent\" data-id=\"77be2a2\" data-element_type=\"container\" data-e-type=\"container\" data-settings=\"{&quot;background_background&quot;:&quot;classic&quot;}\">\n\t\t\t\t\t<div class=\"e-con-inner\">\n\t\t<div class=\"elementor-element elementor-element-4dc478c e-con-full e-flex e-con e-child\" data-id=\"4dc478c\" data-element_type=\"container\" data-e-type=\"container\">\n\t\t\t\t<div class=\"elementor-element elementor-element-742ba38 elementor-widget elementor-widget-text-editor\" data-id=\"742ba38\" data-element_type=\"widget\" data-e-type=\"widget\" data-widget_type=\"text-editor.default\">\n\t\t\t\t\t\t\t\t\t<h1 class=\"csc-firstHeader\" style=\"text-align: center;\">Aktuelle Stellenangebote im Hotel M\u00fcgge<\/h1>\t\t\t\t\t\t\t\t<\/div>\n\t\t\t\t<div class=\"elementor-element elementor-element-d21a816 elementor-widget elementor-widget-text-editor\" data-id=\"d21a816\" data-element_type=\"widget\" data-e-type=\"widget\" data-widget_type=\"text-editor.default\">\n\t\t\t\t\t\t\t\t\t<p class=\"p1\">Wir sind bekannt f\u00fcr unseren hervorragenden Service und unsere gute K\u00fcche. Dies verdanken wir in besonderem Ma\u00dfe dem professionellen und herzlichen Engagement unserer Mitarbeiterinnen und Mitarbeiter. Wir suchen daher immer engagierte und leistungsstarke Kollegen und bieten unterschiedliche M\u00f6glichkeiten an, um in unserem Team mitzuwirken.\u00a0<\/p><p class=\"p1\"><strong>Voraussetzungen:<\/strong> <br \/>Freundlichkeit, Fr\u00f6hlichkeit und Herzlichkeit sind f\u00fcr Sie selbstverst\u00e4ndlich und in hektischen Situationen sollten Sie einen k\u00fchlen Kopf bewahren k\u00f6nnen. Au\u00dferdem sollte das Arbeiten an Wochenenden und in den Abendstunden kein Problem f\u00fcr Sie darstellen.<\/p><p class=\"p1\">Sie finden sich in der Beschreibung wieder und m\u00f6chten unserem erfolgreichen Team dazugeh\u00f6ren? Perfekt! Dann kommen Sie gerne auf uns zu und wir schauen, wo Sie am besten eingesetzt werden k\u00f6nnen. Wir freuen uns \u00fcber Ihre Bewerbung.<\/p><hr \/><h2>\u00a0<\/h2><h2>Aktuell suchen wir Mitarbeiter (w\/m\/d) im Bereich:<\/h2><p><strong>SERVICE<br \/><\/strong><a href=\"https:\/\/www.hotel-muegge.de\/wp-content\/uploads\/Job-Serviceteam-Hotel-Muegge.pdf\" target=\"_blank\" rel=\"noopener\">pdf mit mehr Infos zur Stellenbeschreibung <\/a><a href=\"https:\/\/www.hotel-muegge.de\/wp-content\/uploads\/Job-Serviceteam-Hotel-Muegge.pdf\" target=\"_blank\" rel=\"noopener\">&gt;&gt; <\/a><\/p><p>&#8212;&#8212;&#8212;&#8212;-<\/p><p><strong>K\u00dcCHE<\/strong><\/p><hr \/><p>\u00a0<\/p><p>Senden Sie Ihre Bewerbung an:<br \/><a href=\"mailto:info@hotel-muegge.de\">info@hotel-muegge.de<\/a><\/p>\t\t\t\t\t\t\t\t<\/div>\n\t\t\t\t<\/div>\n\t\t\t\t\t<\/div>\n\t\t\t\t<\/div>\n\t\t\t\t<\/div>","protected":false},"excerpt":{"rendered":"<p>Aktuelle Stellenangebote im Hotel M\u00fcgge Wir sind bekannt f\u00fcr unseren hervorragenden Service und unsere gute K\u00fcche. Dies verdanken wir in besonderem Ma\u00dfe dem professionellen und herzlichen Engagement unserer Mitarbeiterinnen und Mitarbeiter. Wir suchen daher immer engagierte und leistungsstarke Kollegen und bieten unterschiedliche M\u00f6glichkeiten an, um in unserem Team mitzuwirken.\u00a0 Voraussetzungen: Freundlichkeit, Fr\u00f6hlichkeit und Herzlichkeit sind [&hellip;]<\/p>\n","protected":false},"author":2,"featured_media":0,"parent":0,"menu_order":0,"comment_status":"closed","ping_status":"closed","template":"elementor_header_footer","meta":{"footnotes":""},"class_list":["post-2433","page","type-page","status-publish","hentry"],"yoast_head":"<!-- This site is optimized with the Yoast SEO plugin v27.4 - https:\/\/yoast.com\/product\/yoast-seo-wordpress\/ -->\n<title>Jobs - Hotel M\u00fcgge<\/title>\n<meta name=\"robots\" content=\"index, follow, max-snippet:-1, max-image-preview:large, max-video-preview:-1\" \/>\n<link rel=\"canonical\" href=\"https:\/\/www.hotel-muegge.de\/en\/jobs\/\" \/>\n<meta property=\"og:locale\" content=\"en_GB\" \/>\n<meta property=\"og:type\" content=\"article\" \/>\n<meta property=\"og:title\" content=\"Jobs - Hotel M\u00fcgge\" \/>\n<meta property=\"og:description\" content=\"Aktuelle Stellenangebote im Hotel M\u00fcgge Wir sind bekannt f\u00fcr unseren hervorragenden Service und unsere gute K\u00fcche. Dies verdanken wir in besonderem Ma\u00dfe dem professionellen und herzlichen Engagement unserer Mitarbeiterinnen und Mitarbeiter. Wir suchen daher immer engagierte und leistungsstarke Kollegen und bieten unterschiedliche M\u00f6glichkeiten an, um in unserem Team mitzuwirken.\u00a0 Voraussetzungen: Freundlichkeit, Fr\u00f6hlichkeit und Herzlichkeit sind [&hellip;]\" \/>\n<meta property=\"og:url\" content=\"https:\/\/www.hotel-muegge.de\/en\/jobs\/\" \/>\n<meta property=\"og:site_name\" content=\"Hotel M\u00fcgge\" \/>\n<meta property=\"article:modified_time\" content=\"2026-03-18T16:17:23+00:00\" \/>\n<meta name=\"twitter:card\" content=\"summary_large_image\" \/>\n<meta name=\"twitter:label1\" content=\"Estimated reading time\" \/>\n\t<meta name=\"twitter:data1\" content=\"1 minute\" \/>\n<script type=\"application\/ld+json\" class=\"yoast-schema-graph\">{\"@context\":\"https:\\\/\\\/schema.org\",\"@graph\":[{\"@type\":\"WebPage\",\"@id\":\"https:\\\/\\\/www.hotel-muegge.de\\\/jobs\\\/\",\"url\":\"https:\\\/\\\/www.hotel-muegge.de\\\/jobs\\\/\",\"name\":\"Jobs - Hotel M\u00fcgge\",\"isPartOf\":{\"@id\":\"https:\\\/\\\/www.hotel-muegge.de\\\/#website\"},\"datePublished\":\"2026-01-26T15:31:21+00:00\",\"dateModified\":\"2026-03-18T16:17:23+00:00\",\"breadcrumb\":{\"@id\":\"https:\\\/\\\/www.hotel-muegge.de\\\/jobs\\\/#breadcrumb\"},\"inLanguage\":\"en-GB\",\"potentialAction\":[{\"@type\":\"ReadAction\",\"target\":[\"https:\\\/\\\/www.hotel-muegge.de\\\/jobs\\\/\"]}]},{\"@type\":\"BreadcrumbList\",\"@id\":\"https:\\\/\\\/www.hotel-muegge.de\\\/jobs\\\/#breadcrumb\",\"itemListElement\":[{\"@type\":\"ListItem\",\"position\":1,\"name\":\"Startseite\",\"item\":\"https:\\\/\\\/www.hotel-muegge.de\\\/\"},{\"@type\":\"ListItem\",\"position\":2,\"name\":\"Jobs\"}]},{\"@type\":\"WebSite\",\"@id\":\"https:\\\/\\\/www.hotel-muegge.de\\\/#website\",\"url\":\"https:\\\/\\\/www.hotel-muegge.de\\\/\",\"name\":\"Hotel M\u00fcgge\",\"description\":\"Hotel M\u00fcgge am Iberg\",\"publisher\":{\"@id\":\"https:\\\/\\\/www.hotel-muegge.de\\\/#organization\"},\"potentialAction\":[{\"@type\":\"SearchAction\",\"target\":{\"@type\":\"EntryPoint\",\"urlTemplate\":\"https:\\\/\\\/www.hotel-muegge.de\\\/?s={search_term_string}\"},\"query-input\":{\"@type\":\"PropertyValueSpecification\",\"valueRequired\":true,\"valueName\":\"search_term_string\"}}],\"inLanguage\":\"en-GB\"},{\"@type\":\"Organization\",\"@id\":\"https:\\\/\\\/www.hotel-muegge.de\\\/#organization\",\"name\":\"Hotel M\u00fcgge\",\"url\":\"https:\\\/\\\/www.hotel-muegge.de\\\/\",\"logo\":{\"@type\":\"ImageObject\",\"inLanguage\":\"en-GB\",\"@id\":\"https:\\\/\\\/www.hotel-muegge.de\\\/#\\\/schema\\\/logo\\\/image\\\/\",\"url\":\"https:\\\/\\\/www.hotel-muegge.de\\\/wp-content\\\/uploads\\\/cropped-Hotel-Muegge-Logo-scaled-1.png\",\"contentUrl\":\"https:\\\/\\\/www.hotel-muegge.de\\\/wp-content\\\/uploads\\\/cropped-Hotel-Muegge-Logo-scaled-1.png\",\"width\":1386,\"height\":695,\"caption\":\"Hotel M\u00fcgge\"},\"image\":{\"@id\":\"https:\\\/\\\/www.hotel-muegge.de\\\/#\\\/schema\\\/logo\\\/image\\\/\"}}]}<\/script>\n<!-- \/ Yoast SEO plugin. -->","yoast_head_json":{"title":"Jobs - Hotel M\u00fcgge","robots":{"index":"index","follow":"follow","max-snippet":"max-snippet:-1","max-image-preview":"max-image-preview:large","max-video-preview":"max-video-preview:-1"},"canonical":"https:\/\/www.hotel-muegge.de\/en\/jobs\/","og_locale":"en_GB","og_type":"article","og_title":"Jobs - Hotel M\u00fcgge","og_description":"Aktuelle Stellenangebote im Hotel M\u00fcgge Wir sind bekannt f\u00fcr unseren hervorragenden Service und unsere gute K\u00fcche. Dies verdanken wir in besonderem Ma\u00dfe dem professionellen und herzlichen Engagement unserer Mitarbeiterinnen und Mitarbeiter. Wir suchen daher immer engagierte und leistungsstarke Kollegen und bieten unterschiedliche M\u00f6glichkeiten an, um in unserem Team mitzuwirken.\u00a0 Voraussetzungen: Freundlichkeit, Fr\u00f6hlichkeit und Herzlichkeit sind [&hellip;]","og_url":"https:\/\/www.hotel-muegge.de\/en\/jobs\/","og_site_name":"Hotel M\u00fcgge","article_modified_time":"2026-03-18T16:17:23+00:00","twitter_card":"summary_large_image","twitter_misc":{"Estimated reading time":"1 minute"},"schema":{"@context":"https:\/\/schema.org","@graph":[{"@type":"WebPage","@id":"https:\/\/www.hotel-muegge.de\/jobs\/","url":"https:\/\/www.hotel-muegge.de\/jobs\/","name":"Jobs - Hotel M\u00fcgge","isPartOf":{"@id":"https:\/\/www.hotel-muegge.de\/#website"},"datePublished":"2026-01-26T15:31:21+00:00","dateModified":"2026-03-18T16:17:23+00:00","breadcrumb":{"@id":"https:\/\/www.hotel-muegge.de\/jobs\/#breadcrumb"},"inLanguage":"en-GB","potentialAction":[{"@type":"ReadAction","target":["https:\/\/www.hotel-muegge.de\/jobs\/"]}]},{"@type":"BreadcrumbList","@id":"https:\/\/www.hotel-muegge.de\/jobs\/#breadcrumb","itemListElement":[{"@type":"ListItem","position":1,"name":"Startseite","item":"https:\/\/www.hotel-muegge.de\/"},{"@type":"ListItem","position":2,"name":"Jobs"}]},{"@type":"WebSite","@id":"https:\/\/www.hotel-muegge.de\/#website","url":"https:\/\/www.hotel-muegge.de\/","name":"Hotel M\u00fcgge","description":"Hotel M\u00fcgge am Iberg","publisher":{"@id":"https:\/\/www.hotel-muegge.de\/#organization"},"potentialAction":[{"@type":"SearchAction","target":{"@type":"EntryPoint","urlTemplate":"https:\/\/www.hotel-muegge.de\/?s={search_term_string}"},"query-input":{"@type":"PropertyValueSpecification","valueRequired":true,"valueName":"search_term_string"}}],"inLanguage":"en-GB"},{"@type":"Organization","@id":"https:\/\/www.hotel-muegge.de\/#organization","name":"Hotel M\u00fcgge","url":"https:\/\/www.hotel-muegge.de\/","logo":{"@type":"ImageObject","inLanguage":"en-GB","@id":"https:\/\/www.hotel-muegge.de\/#\/schema\/logo\/image\/","url":"https:\/\/www.hotel-muegge.de\/wp-content\/uploads\/cropped-Hotel-Muegge-Logo-scaled-1.png","contentUrl":"https:\/\/www.hotel-muegge.de\/wp-content\/uploads\/cropped-Hotel-Muegge-Logo-scaled-1.png","width":1386,"height":695,"caption":"Hotel M\u00fcgge"},"image":{"@id":"https:\/\/www.hotel-muegge.de\/#\/schema\/logo\/image\/"}}]}},"_links":{"self":[{"href":"https:\/\/www.hotel-muegge.de\/en\/wp-json\/wp\/v2\/pages\/2433","targetHints":{"allow":["GET"]}}],"collection":[{"href":"https:\/\/www.hotel-muegge.de\/en\/wp-json\/wp\/v2\/pages"}],"about":[{"href":"https:\/\/www.hotel-muegge.de\/en\/wp-json\/wp\/v2\/types\/page"}],"author":[{"embeddable":true,"href":"https:\/\/www.hotel-muegge.de\/en\/wp-json\/wp\/v2\/users\/2"}],"replies":[{"embeddable":true,"href":"https:\/\/www.hotel-muegge.de\/en\/wp-json\/wp\/v2\/comments?post=2433"}],"version-history":[{"count":40,"href":"https:\/\/www.hotel-muegge.de\/en\/wp-json\/wp\/v2\/pages\/2433\/revisions"}],"predecessor-version":[{"id":2683,"href":"https:\/\/www.hotel-muegge.de\/en\/wp-json\/wp\/v2\/pages\/2433\/revisions\/2683"}],"wp:attachment":[{"href":"https:\/\/www.hotel-muegge.de\/en\/wp-json\/wp\/v2\/media?parent=2433"}],"curies":[{"name":"wp","href":"https:\/\/api.w.org\/{rel}","templated":true}]}}