{"id":33,"date":"2025-09-01T15:23:23","date_gmt":"2025-09-01T13:23:23","guid":{"rendered":"https:\/\/www.hotel-muegge.de\/?page_id=33"},"modified":"2025-09-23T09:43:24","modified_gmt":"2025-09-23T07:43:24","slug":"impressum","status":"publish","type":"page","link":"https:\/\/www.hotel-muegge.de\/en\/impressum\/","title":{"rendered":"Imprint"},"content":{"rendered":"<div data-elementor-type=\"wp-page\" data-elementor-id=\"33\" class=\"elementor elementor-33\" data-elementor-post-type=\"page\">\n\t\t\t\t<div class=\"elementor-element elementor-element-3a0b783e e-flex e-con-boxed e-con e-parent\" data-id=\"3a0b783e\" data-element_type=\"container\" data-e-type=\"container\" data-settings=\"{&quot;animation&quot;:&quot;none&quot;}\">\n\t\t\t\t\t<div class=\"e-con-inner\">\n\t\t\t\t<div class=\"elementor-element elementor-element-10f9d132 elementor-widget elementor-widget-text-editor\" data-id=\"10f9d132\" data-element_type=\"widget\" data-e-type=\"widget\" data-widget_type=\"text-editor.default\">\n\t\t\t\t\t\t\t\t\t<h1>Imprint<\/h1>\t\t\t\t\t\t\t\t<\/div>\n\t\t\t\t<div class=\"elementor-element elementor-element-54d50644 elementor-widget elementor-widget-text-editor\" data-id=\"54d50644\" data-element_type=\"widget\" data-e-type=\"widget\" data-widget_type=\"text-editor.default\">\n\t\t\t\t\t\t\t\t\t<p>Steinmair eGbR Hotel Restaurant M\u00fcgge Am Iberg<br \/>W\u00e4hrentruper Str. 61<br \/>33813 Oerlinghausen<\/p><p><strong>Represented by:<\/strong><br \/>Sonja Steinmair<\/p><h2>Contact<\/h2><p>Phone: 05202 91460<br \/>E-Mail: info@hotel-muegge.de<\/p><h2>VAT number<\/h2><p>VAT identification number in accordance with Section 27a of the Value Added Tax Act:<br \/>DE 236 363 994<\/p><h2>Editorially responsible<\/h2><p>Sonja Steinmair<\/p><h2>Consumer dispute resolution\/universal arbitration body<\/h2><p>We are not willing or obliged to participate in dispute resolution proceedings before a consumer arbitration board.<\/p>\t\t\t\t\t\t\t\t<\/div>\n\t\t\t\t\t<\/div>\n\t\t\t\t<\/div>\n\t\t<div class=\"elementor-element elementor-element-2dfc77f1 e-flex e-con-boxed e-con e-parent\" data-id=\"2dfc77f1\" data-element_type=\"container\" data-e-type=\"container\" data-settings=\"{&quot;background_background&quot;:&quot;classic&quot;}\">\n\t\t\t\t\t<div class=\"e-con-inner\">\n\t\t\t\t<div class=\"elementor-element elementor-element-530eca52 elementor-widget elementor-widget-heading\" data-id=\"530eca52\" data-element_type=\"widget\" data-e-type=\"widget\" data-widget_type=\"heading.default\">\n\t\t\t\t\t<h2 class=\"elementor-heading-title elementor-size-default\">Picture credits\n<\/h2>\t\t\t\t<\/div>\n\t\t\t\t<div class=\"elementor-element elementor-element-6e52c2ba elementor-widget elementor-widget-text-editor\" data-id=\"6e52c2ba\" data-element_type=\"widget\" data-e-type=\"widget\" data-widget_type=\"text-editor.default\">\n\t\t\t\t\t\t\t\t\t<div class=\"av-special-heading av-special-heading-h2 custom-color-heading blockquote modern-quote modern-centered avia-builder-el-8 el_before_av_hr avia-builder-el-first\" style=\"text-align: left;\"><strong>Pictures of the Hotel M\u00fcgge am Iberg<\/strong><br \/>\u00a9 Christian Bernhardt, cck print media<\/div><div>\u00a0<\/div><div style=\"text-align: left;\">\u00a0<\/div><div style=\"text-align: left;\"><strong>Images from the Leisure page<\/strong><br \/>\u00a9 adler-makabera-pixabay<\/div><div style=\"text-align: left;\">\u00a9 wanderer-Scott-Thompson-adobestock<\/div><div style=\"text-align: left;\">\u00a9 externsteine-teutoburger-wald-mojolo-adobestock<\/div><div style=\"text-align: left;\">\u00a9 externsteine-annaER-adobestock<\/div><div style=\"text-align: left;\">\u00a9 freilichtmuseum-fachwerk-DKfotografie-pixabay<\/div><div style=\"text-align: left;\">\u00a9 schloss-detmold-pixabay<\/div><div style=\"text-align: left;\">\u00a9 segelflugzeug-Luc-Pouliot-adobestock<\/div><div style=\"text-align: left;\">\u00a9 historische-altstadt-bad-salzuflen-pixabay<\/div>\t\t\t\t\t\t\t\t<\/div>\n\t\t\t\t\t<\/div>\n\t\t\t\t<\/div>\n\t\t\t\t<\/div>","protected":false},"excerpt":{"rendered":"<p>Impressum Steinmair eGbR Hotel Restaurant M\u00fcgge Am IbergW\u00e4hrentruper Str. 6133813 Oerlinghausen Vertreten durch:Sonja Steinmair Kontakt Telefon: 05202 91460E-Mail: info@hotel-muegge.de Umsatzsteuer-ID Umsatzsteuer-Identifikationsnummer gem\u00e4\u00df \u00a7 27 a Umsatzsteuergesetz:DE 236 363 994 Redaktionell verantwortlich Sonja Steinmair Verbraucher\u00adstreit\u00adbeilegung\/Universal\u00adschlichtungs\u00adstelle Wir sind nicht bereit oder verpflichtet, an Streitbeilegungsverfahren vor einer Verbraucherschlichtungsstelle teilzunehmen. Bildnachweise Bilder vom Hotel M\u00fcgge am Iberg\u00a9 Christian Bernhardt, [&hellip;]<\/p>\n","protected":false},"author":2,"featured_media":0,"parent":0,"menu_order":0,"comment_status":"closed","ping_status":"closed","template":"elementor_header_footer","meta":{"footnotes":""},"class_list":["post-33","page","type-page","status-publish","hentry"],"yoast_head":"<!-- This site is optimized with the Yoast SEO plugin v27.4 - https:\/\/yoast.com\/product\/yoast-seo-wordpress\/ -->\n<title>Impressum - Hotel M\u00fcgge<\/title>\n<meta name=\"robots\" content=\"index, follow, max-snippet:-1, max-image-preview:large, max-video-preview:-1\" \/>\n<link rel=\"canonical\" href=\"https:\/\/www.hotel-muegge.de\/en\/impressum\/\" \/>\n<meta property=\"og:locale\" content=\"en_GB\" \/>\n<meta property=\"og:type\" content=\"article\" \/>\n<meta property=\"og:title\" content=\"Impressum - Hotel M\u00fcgge\" \/>\n<meta property=\"og:description\" content=\"Impressum Steinmair eGbR Hotel Restaurant M\u00fcgge Am IbergW\u00e4hrentruper Str. 6133813 Oerlinghausen Vertreten durch:Sonja Steinmair Kontakt Telefon: 05202 91460E-Mail: info@hotel-muegge.de Umsatzsteuer-ID Umsatzsteuer-Identifikationsnummer gem\u00e4\u00df \u00a7 27 a Umsatzsteuergesetz:DE 236 363 994 Redaktionell verantwortlich Sonja Steinmair Verbraucher\u00adstreit\u00adbeilegung\/Universal\u00adschlichtungs\u00adstelle Wir sind nicht bereit oder verpflichtet, an Streitbeilegungsverfahren vor einer Verbraucherschlichtungsstelle teilzunehmen. Bildnachweise Bilder vom Hotel M\u00fcgge am Iberg\u00a9 Christian Bernhardt, [&hellip;]\" \/>\n<meta property=\"og:url\" content=\"https:\/\/www.hotel-muegge.de\/en\/impressum\/\" \/>\n<meta property=\"og:site_name\" content=\"Hotel M\u00fcgge\" \/>\n<meta property=\"article:modified_time\" content=\"2025-09-23T07:43:24+00:00\" \/>\n<meta name=\"twitter:card\" content=\"summary_large_image\" \/>\n<meta name=\"twitter:label1\" content=\"Estimated reading time\" \/>\n\t<meta name=\"twitter:data1\" content=\"1 minute\" \/>\n<script type=\"application\/ld+json\" class=\"yoast-schema-graph\">{\"@context\":\"https:\\\/\\\/schema.org\",\"@graph\":[{\"@type\":\"WebPage\",\"@id\":\"https:\\\/\\\/www.hotel-muegge.de\\\/impressum\\\/\",\"url\":\"https:\\\/\\\/www.hotel-muegge.de\\\/impressum\\\/\",\"name\":\"Impressum - Hotel M\u00fcgge\",\"isPartOf\":{\"@id\":\"https:\\\/\\\/www.hotel-muegge.de\\\/#website\"},\"datePublished\":\"2025-09-01T13:23:23+00:00\",\"dateModified\":\"2025-09-23T07:43:24+00:00\",\"breadcrumb\":{\"@id\":\"https:\\\/\\\/www.hotel-muegge.de\\\/impressum\\\/#breadcrumb\"},\"inLanguage\":\"en-GB\",\"potentialAction\":[{\"@type\":\"ReadAction\",\"target\":[\"https:\\\/\\\/www.hotel-muegge.de\\\/impressum\\\/\"]}]},{\"@type\":\"BreadcrumbList\",\"@id\":\"https:\\\/\\\/www.hotel-muegge.de\\\/impressum\\\/#breadcrumb\",\"itemListElement\":[{\"@type\":\"ListItem\",\"position\":1,\"name\":\"Startseite\",\"item\":\"https:\\\/\\\/www.hotel-muegge.de\\\/\"},{\"@type\":\"ListItem\",\"position\":2,\"name\":\"Impressum\"}]},{\"@type\":\"WebSite\",\"@id\":\"https:\\\/\\\/www.hotel-muegge.de\\\/#website\",\"url\":\"https:\\\/\\\/www.hotel-muegge.de\\\/\",\"name\":\"Hotel M\u00fcgge\",\"description\":\"Hotel M\u00fcgge am Iberg\",\"publisher\":{\"@id\":\"https:\\\/\\\/www.hotel-muegge.de\\\/#organization\"},\"potentialAction\":[{\"@type\":\"SearchAction\",\"target\":{\"@type\":\"EntryPoint\",\"urlTemplate\":\"https:\\\/\\\/www.hotel-muegge.de\\\/?s={search_term_string}\"},\"query-input\":{\"@type\":\"PropertyValueSpecification\",\"valueRequired\":true,\"valueName\":\"search_term_string\"}}],\"inLanguage\":\"en-GB\"},{\"@type\":\"Organization\",\"@id\":\"https:\\\/\\\/www.hotel-muegge.de\\\/#organization\",\"name\":\"Hotel M\u00fcgge\",\"url\":\"https:\\\/\\\/www.hotel-muegge.de\\\/\",\"logo\":{\"@type\":\"ImageObject\",\"inLanguage\":\"en-GB\",\"@id\":\"https:\\\/\\\/www.hotel-muegge.de\\\/#\\\/schema\\\/logo\\\/image\\\/\",\"url\":\"https:\\\/\\\/www.hotel-muegge.de\\\/wp-content\\\/uploads\\\/cropped-Hotel-Muegge-Logo-scaled-1.png\",\"contentUrl\":\"https:\\\/\\\/www.hotel-muegge.de\\\/wp-content\\\/uploads\\\/cropped-Hotel-Muegge-Logo-scaled-1.png\",\"width\":1386,\"height\":695,\"caption\":\"Hotel M\u00fcgge\"},\"image\":{\"@id\":\"https:\\\/\\\/www.hotel-muegge.de\\\/#\\\/schema\\\/logo\\\/image\\\/\"}}]}<\/script>\n<!-- \/ Yoast SEO plugin. -->","yoast_head_json":{"title":"Impressum - Hotel M\u00fcgge","robots":{"index":"index","follow":"follow","max-snippet":"max-snippet:-1","max-image-preview":"max-image-preview:large","max-video-preview":"max-video-preview:-1"},"canonical":"https:\/\/www.hotel-muegge.de\/en\/impressum\/","og_locale":"en_GB","og_type":"article","og_title":"Impressum - Hotel M\u00fcgge","og_description":"Impressum Steinmair eGbR Hotel Restaurant M\u00fcgge Am IbergW\u00e4hrentruper Str. 6133813 Oerlinghausen Vertreten durch:Sonja Steinmair Kontakt Telefon: 05202 91460E-Mail: info@hotel-muegge.de Umsatzsteuer-ID Umsatzsteuer-Identifikationsnummer gem\u00e4\u00df \u00a7 27 a Umsatzsteuergesetz:DE 236 363 994 Redaktionell verantwortlich Sonja Steinmair Verbraucher\u00adstreit\u00adbeilegung\/Universal\u00adschlichtungs\u00adstelle Wir sind nicht bereit oder verpflichtet, an Streitbeilegungsverfahren vor einer Verbraucherschlichtungsstelle teilzunehmen. Bildnachweise Bilder vom Hotel M\u00fcgge am Iberg\u00a9 Christian Bernhardt, [&hellip;]","og_url":"https:\/\/www.hotel-muegge.de\/en\/impressum\/","og_site_name":"Hotel M\u00fcgge","article_modified_time":"2025-09-23T07:43:24+00:00","twitter_card":"summary_large_image","twitter_misc":{"Estimated reading time":"1 minute"},"schema":{"@context":"https:\/\/schema.org","@graph":[{"@type":"WebPage","@id":"https:\/\/www.hotel-muegge.de\/impressum\/","url":"https:\/\/www.hotel-muegge.de\/impressum\/","name":"Impressum - Hotel M\u00fcgge","isPartOf":{"@id":"https:\/\/www.hotel-muegge.de\/#website"},"datePublished":"2025-09-01T13:23:23+00:00","dateModified":"2025-09-23T07:43:24+00:00","breadcrumb":{"@id":"https:\/\/www.hotel-muegge.de\/impressum\/#breadcrumb"},"inLanguage":"en-GB","potentialAction":[{"@type":"ReadAction","target":["https:\/\/www.hotel-muegge.de\/impressum\/"]}]},{"@type":"BreadcrumbList","@id":"https:\/\/www.hotel-muegge.de\/impressum\/#breadcrumb","itemListElement":[{"@type":"ListItem","position":1,"name":"Startseite","item":"https:\/\/www.hotel-muegge.de\/"},{"@type":"ListItem","position":2,"name":"Impressum"}]},{"@type":"WebSite","@id":"https:\/\/www.hotel-muegge.de\/#website","url":"https:\/\/www.hotel-muegge.de\/","name":"Hotel M\u00fcgge","description":"Hotel M\u00fcgge am Iberg","publisher":{"@id":"https:\/\/www.hotel-muegge.de\/#organization"},"potentialAction":[{"@type":"SearchAction","target":{"@type":"EntryPoint","urlTemplate":"https:\/\/www.hotel-muegge.de\/?s={search_term_string}"},"query-input":{"@type":"PropertyValueSpecification","valueRequired":true,"valueName":"search_term_string"}}],"inLanguage":"en-GB"},{"@type":"Organization","@id":"https:\/\/www.hotel-muegge.de\/#organization","name":"Hotel M\u00fcgge","url":"https:\/\/www.hotel-muegge.de\/","logo":{"@type":"ImageObject","inLanguage":"en-GB","@id":"https:\/\/www.hotel-muegge.de\/#\/schema\/logo\/image\/","url":"https:\/\/www.hotel-muegge.de\/wp-content\/uploads\/cropped-Hotel-Muegge-Logo-scaled-1.png","contentUrl":"https:\/\/www.hotel-muegge.de\/wp-content\/uploads\/cropped-Hotel-Muegge-Logo-scaled-1.png","width":1386,"height":695,"caption":"Hotel M\u00fcgge"},"image":{"@id":"https:\/\/www.hotel-muegge.de\/#\/schema\/logo\/image\/"}}]}},"_links":{"self":[{"href":"https:\/\/www.hotel-muegge.de\/en\/wp-json\/wp\/v2\/pages\/33","targetHints":{"allow":["GET"]}}],"collection":[{"href":"https:\/\/www.hotel-muegge.de\/en\/wp-json\/wp\/v2\/pages"}],"about":[{"href":"https:\/\/www.hotel-muegge.de\/en\/wp-json\/wp\/v2\/types\/page"}],"author":[{"embeddable":true,"href":"https:\/\/www.hotel-muegge.de\/en\/wp-json\/wp\/v2\/users\/2"}],"replies":[{"embeddable":true,"href":"https:\/\/www.hotel-muegge.de\/en\/wp-json\/wp\/v2\/comments?post=33"}],"version-history":[{"count":34,"href":"https:\/\/www.hotel-muegge.de\/en\/wp-json\/wp\/v2\/pages\/33\/revisions"}],"predecessor-version":[{"id":1993,"href":"https:\/\/www.hotel-muegge.de\/en\/wp-json\/wp\/v2\/pages\/33\/revisions\/1993"}],"wp:attachment":[{"href":"https:\/\/www.hotel-muegge.de\/en\/wp-json\/wp\/v2\/media?parent=33"}],"curies":[{"name":"wp","href":"https:\/\/api.w.org\/{rel}","templated":true}]}}