{"id":456,"date":"2025-09-09T13:37:34","date_gmt":"2025-09-09T11:37:34","guid":{"rendered":"https:\/\/www.hotel-muegge.de\/?page_id=456"},"modified":"2026-02-02T16:57:31","modified_gmt":"2026-02-02T15:57:31","slug":"wellness","status":"publish","type":"page","link":"https:\/\/www.hotel-muegge.de\/en\/wellness\/","title":{"rendered":"Wellness"},"content":{"rendered":"\t\t<div data-elementor-type=\"wp-page\" data-elementor-id=\"456\" class=\"elementor elementor-456\" data-elementor-post-type=\"page\">\n\t\t\t\t<div class=\"elementor-element elementor-element-5e687a00 e-con-full e-flex e-con e-parent\" data-id=\"5e687a00\" data-element_type=\"container\" data-e-type=\"container\" data-settings=\"{&quot;background_background&quot;:&quot;slideshow&quot;,&quot;background_slideshow_gallery&quot;:[],&quot;background_slideshow_loop&quot;:&quot;yes&quot;,&quot;background_slideshow_slide_duration&quot;:5000,&quot;background_slideshow_slide_transition&quot;:&quot;fade&quot;,&quot;background_slideshow_transition_duration&quot;:500}\">\n\t\t<div class=\"elementor-element elementor-element-23b8949a e-flex e-con-boxed e-con e-child\" data-id=\"23b8949a\" data-element_type=\"container\" data-e-type=\"container\" data-settings=\"{&quot;background_background&quot;:&quot;slideshow&quot;,&quot;background_slideshow_gallery&quot;:[{&quot;id&quot;:279,&quot;url&quot;:&quot;https:\\\/\\\/www.hotel-muegge.de\\\/wp-content\\\/uploads\\\/Hotel-Muegge-Wellness-1.jpg&quot;},{&quot;id&quot;:280,&quot;url&quot;:&quot;https:\\\/\\\/www.hotel-muegge.de\\\/wp-content\\\/uploads\\\/Hotel-Muegge-Wellness-2.jpg&quot;},{&quot;id&quot;:282,&quot;url&quot;:&quot;https:\\\/\\\/www.hotel-muegge.de\\\/wp-content\\\/uploads\\\/Hotel-Muegge-Wellness-4-2.jpg&quot;},{&quot;id&quot;:284,&quot;url&quot;:&quot;https:\\\/\\\/www.hotel-muegge.de\\\/wp-content\\\/uploads\\\/Hotel-Muegge-Wellness-5-2.jpg&quot;},{&quot;id&quot;:286,&quot;url&quot;:&quot;https:\\\/\\\/www.hotel-muegge.de\\\/wp-content\\\/uploads\\\/Hotel-Muegge-Wellness-6.jpg&quot;},{&quot;id&quot;:962,&quot;url&quot;:&quot;https:\\\/\\\/www.hotel-muegge.de\\\/wp-content\\\/uploads\\\/Hotel-Muegge-Sauna.jpg&quot;},{&quot;id&quot;:963,&quot;url&quot;:&quot;https:\\\/\\\/www.hotel-muegge.de\\\/wp-content\\\/uploads\\\/Hotel-Muegge-Solarium-1.jpg&quot;}],&quot;background_slideshow_slide_duration&quot;:2500,&quot;background_slideshow_transition_duration&quot;:2500,&quot;background_slideshow_loop&quot;:&quot;yes&quot;,&quot;background_slideshow_slide_transition&quot;:&quot;fade&quot;}\">\n\t\t\t\t\t<div class=\"e-con-inner\">\n\t\t\t\t\t<\/div>\n\t\t\t\t<\/div>\n\t\t\t\t<\/div>\n\t\t<div class=\"elementor-element elementor-element-b3f62e e-flex e-con-boxed e-con e-parent\" data-id=\"b3f62e\" data-element_type=\"container\" data-e-type=\"container\" data-settings=\"{&quot;animation&quot;:&quot;none&quot;}\">\n\t\t\t\t\t<div class=\"e-con-inner\">\n\t\t\t\t<div class=\"elementor-element elementor-element-4108951d elementor-widget elementor-widget-text-editor\" data-id=\"4108951d\" data-element_type=\"widget\" data-e-type=\"widget\" data-widget_type=\"text-editor.default\">\n\t\t\t\t\t\t\t\t\t<h1>Wellness &amp; pure Entspannung<\/h1>\t\t\t\t\t\t\t\t<\/div>\n\t\t\t\t<div class=\"elementor-element elementor-element-25a47be9 elementor-widget-divider--view-line_icon elementor-view-default elementor-widget-divider--element-align-center elementor-widget elementor-widget-divider\" data-id=\"25a47be9\" data-element_type=\"widget\" data-e-type=\"widget\" data-widget_type=\"divider.default\">\n\t\t\t\t\t\t\t<div class=\"elementor-divider\">\n\t\t\t<span class=\"elementor-divider-separator\">\n\t\t\t\t\t\t\t<div class=\"elementor-icon elementor-divider__element\">\n\t\t\t\t\t<svg xmlns=\"http:\/\/www.w3.org\/2000\/svg\" id=\"Krone\" viewBox=\"0 0 642.4 429.8\"><defs><style>      .st0 {        fill: #dbae00;        stroke: #dbae00;        stroke-miterlimit: 10;      }    <\/style><\/defs><path class=\"st0\" d=\"M199,256.5c-2.5,5.8-3.1,13.2-11.4,15.2-3.9.9-7,.4-10.4-1.4-37.3-31.4-80.1-57.6-121.8-84.8l-5.8-3.3c.2.4.6.7.9,1.2,4.7,9.5,8.9,20.5,13,30.3,14.1,33.7,26.9,67.5,36.2,102.4,1.4,5.3,6,19.5,5.2,24.1-1.3,7.6-15.1,8.9-18.6.9-15.5-62.9-73.4-184.1-73.4-184.1-4.8-8.8,5.2-18.1,16.1-14.2,1.8.6,6,4.1,7,4.9,5.9,5.1,13.8,10.7,20.3,15.5,29.2,21.5,60.7,42.4,91.4,62.4,9.6,6.2,19.6,13.1,29.5,18.9.4.2,1.7,1.1,2,.9,34.6-65.3,73.7-128.8,116.2-190.8,6.5-9.5,13.1-19,19.8-28.4,1.4-1.9,2.6-4.4,4.5-6.3,6.2-6.4,17.7-4.8,21.2,2.9,4.1,8.8,6.9,20.9,10.3,30.3,17.8,49.4,38.3,99.5,61,147.5,7.7,16.3,15.7,32.5,24.8,48.2,50-28.2,99.7-56.8,152.6-81.1,3.5-1.6,18.7-8.4,20.4-8.7,10.2-2.3,18.9,5.4,15.2,13.7-.6,1.3-4.1,4.9-4.8,5.5-3.4,2.7-9.9,11-12.9,14.6-32.7,39.2-59.6,90.3-81,134.7-5.2,10.7-9.5,22.9-15.3,33.1-12.6,22.2-30.7,18.4-55.1,13.5-16.8-3.3-248.6-24.8-340.1-.6-7.4,2-14.3,6.5-21.3,9.1-14.9,5.4-25.8-10.9-12-18.3,4.2-2.3,10.8-5,15.7-6.4,105.6-31.1,366.5-1.8,382.1-.6,5.4.4,6.6-2.3,8.7-5.9,4.8-7.7,8.4-16.8,12.8-24.8,9.8-17.8,21-35,31.3-52.6,6.8-11.7,13-23.7,19.8-35.4,9.2-15.8,18.9-31.5,29.2-46.8-12.3,4.7-24.2,10.2-35.8,15.9-38.6,18.8-74.6,41.1-108.4,65.4-6.2,3.1-13.2,1.7-17-3.4l-95.6-220.4\"><\/path><\/svg><\/div>\n\t\t\t\t\t\t<\/span>\n\t\t<\/div>\n\t\t\t\t\t\t<\/div>\n\t\t\t\t<div class=\"elementor-element elementor-element-2b7c3fb elementor-widget elementor-widget-text-editor\" data-id=\"2b7c3fb\" data-element_type=\"widget\" data-e-type=\"widget\" data-widget_type=\"text-editor.default\">\n\t\t\t\t\t\t\t\t\t<p>Unser Haus verf\u00fcgt \u00fcber einen Wellnessbereich mit Sauna, Whirlpool und Sonnenbank \u2013 der perfekte Ort, um K\u00f6rper und Geist zur Ruhe kommen zu lassen.<\/p><p>Sie brauchen eine Auszeit? Genau jetzt? Dann tauchen Sie ein in unsere Wellnesswelt und lassen Sie den Alltag hinter sich, ob w\u00e4hrend Ihres Urlaubsaufenthaltes oder auch nach einem Meeting in unserem Haus.<\/p><p>Unser Wellnessbereich bietet Ihnen:<\/p><p>Sauna f\u00fcr wohltuende W\u00e4rme<br \/>Whirlpool f\u00fcr entspannte Momente<br \/>Sonnenbank f\u00fcr eine sanfte Br\u00e4une<\/p><h2>Kennen Sie schon unsere Wellnessangebote?<\/h2><p class=\"p1\">Buchen Sie jetzt die Auszeit fu\u0308r sich!<\/p><h2>\u00a0<\/h2>\t\t\t\t\t\t\t\t<\/div>\n\t\t\t\t\t<\/div>\n\t\t\t\t<\/div>\n\t\t<div class=\"elementor-element elementor-element-2bd17b95 e-flex e-con-boxed e-con e-parent\" data-id=\"2bd17b95\" data-element_type=\"container\" data-e-type=\"container\" data-settings=\"{&quot;background_background&quot;:&quot;classic&quot;}\">\n\t\t\t\t\t<div class=\"e-con-inner\">\n\t\t\t\t<div class=\"elementor-element elementor-element-64fd53df animated-slow elementor-widget elementor-widget-text-editor\" data-id=\"64fd53df\" data-element_type=\"widget\" data-e-type=\"widget\" data-settings=\"{&quot;_animation&quot;:&quot;none&quot;,&quot;motion_fx_motion_fx_scrolling&quot;:&quot;yes&quot;,&quot;motion_fx_devices&quot;:[&quot;desktop&quot;,&quot;laptop&quot;,&quot;tablet_extra&quot;,&quot;tablet&quot;,&quot;mobile&quot;]}\" data-widget_type=\"text-editor.default\">\n\t\t\t\t\t\t\t\t\t<p class=\"p1\">Paket 1<\/p><p class=\"p1\">Sonnige Balance \u2013 Solarium, Sauna &amp; Whirlpool<\/p>\t\t\t\t\t\t\t\t<\/div>\n\t\t\t\t\t<\/div>\n\t\t\t\t<\/div>\n\t\t<div class=\"elementor-element elementor-element-5f15c5d1 animated-slow e-flex e-con-boxed e-con e-parent\" data-id=\"5f15c5d1\" data-element_type=\"container\" data-e-type=\"container\" data-settings=\"{&quot;background_background&quot;:&quot;classic&quot;,&quot;animation&quot;:&quot;none&quot;}\">\n\t\t\t\t\t<div class=\"e-con-inner\">\n\t\t<div class=\"elementor-element elementor-element-2af32e32 e-flex e-con-boxed e-con e-child\" data-id=\"2af32e32\" data-element_type=\"container\" data-e-type=\"container\">\n\t\t\t\t\t<div class=\"e-con-inner\">\n\t\t\t\t<div class=\"elementor-element elementor-element-614707b elementor-widget elementor-widget-text-editor\" data-id=\"614707b\" data-element_type=\"widget\" data-e-type=\"widget\" data-widget_type=\"text-editor.default\">\n\t\t\t\t\t\t\t\t\t<p class=\"p1\">Tauchen Sie ein in warme Lichtstrahlen, die sanft die Seele streicheln. Sonnige Balance schenkt Ihnen eine ganzheitliche Ruhe: Verspannungen schmelzen, der Alltag wird leiser, der Atem findet Ruhe. Stellen Sie sich vor, wie Sie nach einem erfu\u0308llten Tag in wohliger W\u00e4rme auftanken, Muskeln werden neu gel\u00f6st und Ihre Gedanken sind ganz im Jetzt.<\/p>\t\t\t\t\t\t\t\t<\/div>\n\t\t\t\t<div class=\"elementor-element elementor-element-7d64fa48 elementor-widget elementor-widget-text-editor\" data-id=\"7d64fa48\" data-element_type=\"widget\" data-e-type=\"widget\" data-widget_type=\"text-editor.default\">\n\t\t\t\t\t\t\t\t\t<p class=\"p1\"><strong>Verfu\u0308gbar nach Absprache.<\/strong><\/p><p class=\"p1\"><strong>Preis: 35,00 \u20ac pro Person<\/strong><\/p>\t\t\t\t\t\t\t\t<\/div>\n\t\t\t\t\t<\/div>\n\t\t\t\t<\/div>\n\t\t<div class=\"elementor-element elementor-element-2a0e0b3e e-flex e-con-boxed e-con e-child\" data-id=\"2a0e0b3e\" data-element_type=\"container\" data-e-type=\"container\" data-settings=\"{&quot;background_background&quot;:&quot;classic&quot;}\">\n\t\t\t\t\t<div class=\"e-con-inner\">\n\t\t\t\t<div class=\"elementor-element elementor-element-67db8f5 elementor-widget elementor-widget-image\" data-id=\"67db8f5\" data-element_type=\"widget\" data-e-type=\"widget\" data-widget_type=\"image.default\">\n\t\t\t\t\t\t\t\t\t\t\t\t\t\t\t<img fetchpriority=\"high\" decoding=\"async\" width=\"800\" height=\"534\" src=\"https:\/\/www.hotel-muegge.de\/wp-content\/uploads\/cck-bdb-7-1024x683.jpg\" class=\"attachment-large size-large wp-image-975\" alt=\"\" srcset=\"https:\/\/www.hotel-muegge.de\/wp-content\/uploads\/cck-bdb-7-1024x683.jpg 1024w, https:\/\/www.hotel-muegge.de\/wp-content\/uploads\/cck-bdb-7-300x200.jpg 300w, https:\/\/www.hotel-muegge.de\/wp-content\/uploads\/cck-bdb-7-768x512.jpg 768w, https:\/\/www.hotel-muegge.de\/wp-content\/uploads\/cck-bdb-7-1536x1024.jpg 1536w, https:\/\/www.hotel-muegge.de\/wp-content\/uploads\/cck-bdb-7.jpg 1920w\" sizes=\"(max-width: 800px) 100vw, 800px\" \/>\t\t\t\t\t\t\t\t\t\t\t\t\t\t\t<\/div>\n\t\t\t\t\t<\/div>\n\t\t\t\t<\/div>\n\t\t\t\t\t<\/div>\n\t\t\t\t<\/div>\n\t\t<div class=\"elementor-element elementor-element-4a69a50 e-flex e-con-boxed e-con e-parent\" data-id=\"4a69a50\" data-element_type=\"container\" data-e-type=\"container\" data-settings=\"{&quot;background_background&quot;:&quot;classic&quot;}\">\n\t\t\t\t\t<div class=\"e-con-inner\">\n\t\t\t\t<div class=\"elementor-element elementor-element-8a240b6 animated-slow elementor-widget elementor-widget-text-editor\" data-id=\"8a240b6\" data-element_type=\"widget\" data-e-type=\"widget\" data-settings=\"{&quot;_animation&quot;:&quot;none&quot;,&quot;motion_fx_motion_fx_scrolling&quot;:&quot;yes&quot;,&quot;motion_fx_devices&quot;:[&quot;desktop&quot;,&quot;laptop&quot;,&quot;tablet_extra&quot;,&quot;tablet&quot;,&quot;mobile&quot;]}\" data-widget_type=\"text-editor.default\">\n\t\t\t\t\t\t\t\t\t<p class=\"p1\">Paket 2<\/p><p class=\"p1\">Harmonie-Entschleunigung \u2013 Sauna &amp; Whirlpool<\/p>\t\t\t\t\t\t\t\t<\/div>\n\t\t\t\t\t<\/div>\n\t\t\t\t<\/div>\n\t\t<div class=\"elementor-element elementor-element-93c2a94 animated-slow e-flex e-con-boxed e-con e-parent\" data-id=\"93c2a94\" data-element_type=\"container\" data-e-type=\"container\" data-settings=\"{&quot;background_background&quot;:&quot;classic&quot;,&quot;animation&quot;:&quot;none&quot;}\">\n\t\t\t\t\t<div class=\"e-con-inner\">\n\t\t<div class=\"elementor-element elementor-element-eef3451 e-flex e-con-boxed e-con e-child\" data-id=\"eef3451\" data-element_type=\"container\" data-e-type=\"container\">\n\t\t\t\t\t<div class=\"e-con-inner\">\n\t\t\t\t<div class=\"elementor-element elementor-element-08d63ee elementor-widget elementor-widget-text-editor\" data-id=\"08d63ee\" data-element_type=\"widget\" data-e-type=\"widget\" data-widget_type=\"text-editor.default\">\n\t\t\t\t\t\t\t\t\t<p class=\"p1\">Lassen Sie sich von sanfter W\u00e4rme umhu\u0308llen und finden Sie Ihre innere Ruhe. Harmonie-Entschleunigung begleitet Sie sanft ins Abendlicht, schenkt Gelassenheit nach dem Trubel des Tages und bereitet Sie liebevoll auf eine friedvolle Nacht vor. Spu\u0308ren Sie, wie Stress in angenehmer Stille schwindet, der K\u00f6rper entspannt und der Geist in Klarheit badet. Fu\u0308r eine Nacht, die wie ein sanftes Flu\u0308stern der Ruhe klingt.<\/p>\t\t\t\t\t\t\t\t<\/div>\n\t\t\t\t<div class=\"elementor-element elementor-element-781a893 elementor-widget elementor-widget-text-editor\" data-id=\"781a893\" data-element_type=\"widget\" data-e-type=\"widget\" data-widget_type=\"text-editor.default\">\n\t\t\t\t\t\t\t\t\t<p class=\"p1\"><strong>Verfu\u0308gbar nach Absprache.<\/strong><\/p><p class=\"p1\"><strong>Preis: 28,00 \u20ac pro Person<\/strong><\/p>\t\t\t\t\t\t\t\t<\/div>\n\t\t\t\t\t<\/div>\n\t\t\t\t<\/div>\n\t\t<div class=\"elementor-element elementor-element-2de198b e-flex e-con-boxed e-con e-child\" data-id=\"2de198b\" data-element_type=\"container\" data-e-type=\"container\" data-settings=\"{&quot;background_background&quot;:&quot;classic&quot;}\">\n\t\t\t\t\t<div class=\"e-con-inner\">\n\t\t\t\t<div class=\"elementor-element elementor-element-1ae8029 elementor-widget elementor-widget-image\" data-id=\"1ae8029\" data-element_type=\"widget\" data-e-type=\"widget\" data-widget_type=\"image.default\">\n\t\t\t\t\t\t\t\t\t\t\t\t\t\t\t<img decoding=\"async\" width=\"800\" height=\"534\" src=\"https:\/\/www.hotel-muegge.de\/wp-content\/uploads\/cck-bdb-6-1024x683.jpg\" class=\"attachment-large size-large wp-image-974\" alt=\"\" srcset=\"https:\/\/www.hotel-muegge.de\/wp-content\/uploads\/cck-bdb-6-1024x683.jpg 1024w, https:\/\/www.hotel-muegge.de\/wp-content\/uploads\/cck-bdb-6-300x200.jpg 300w, https:\/\/www.hotel-muegge.de\/wp-content\/uploads\/cck-bdb-6-768x512.jpg 768w, https:\/\/www.hotel-muegge.de\/wp-content\/uploads\/cck-bdb-6-1536x1024.jpg 1536w, https:\/\/www.hotel-muegge.de\/wp-content\/uploads\/cck-bdb-6.jpg 1920w\" sizes=\"(max-width: 800px) 100vw, 800px\" \/>\t\t\t\t\t\t\t\t\t\t\t\t\t\t\t<\/div>\n\t\t\t\t\t<\/div>\n\t\t\t\t<\/div>\n\t\t\t\t\t<\/div>\n\t\t\t\t<\/div>\n\t\t<div class=\"elementor-element elementor-element-5f9f9e2f e-flex e-con-boxed e-con e-parent\" data-id=\"5f9f9e2f\" data-element_type=\"container\" data-e-type=\"container\" data-settings=\"{&quot;background_background&quot;:&quot;classic&quot;}\">\n\t\t\t\t\t<div class=\"e-con-inner\">\n\t\t<div class=\"elementor-element elementor-element-5636cb60 e-con-full e-flex e-con e-child\" data-id=\"5636cb60\" data-element_type=\"container\" data-e-type=\"container\">\n\t\t\t\t<div class=\"elementor-element elementor-element-7472790 animated-slow elementor-widget elementor-widget-text-editor\" data-id=\"7472790\" data-element_type=\"widget\" data-e-type=\"widget\" data-settings=\"{&quot;_animation&quot;:&quot;none&quot;,&quot;motion_fx_motion_fx_scrolling&quot;:&quot;yes&quot;,&quot;motion_fx_devices&quot;:[&quot;desktop&quot;,&quot;laptop&quot;,&quot;tablet_extra&quot;,&quot;tablet&quot;,&quot;mobile&quot;]}\" data-widget_type=\"text-editor.default\">\n\t\t\t\t\t\t\t\t\t<p class=\"p1\">Wellness und Erholung von 17:00 -21:00 Uhr<\/p>\t\t\t\t\t\t\t\t<\/div>\n\t\t\t\t<\/div>\n\t\t\t\t\t<\/div>\n\t\t\t\t<\/div>\n\t\t<div class=\"elementor-element elementor-element-4d6d4435 animated-slow e-flex e-con-boxed e-con e-parent\" data-id=\"4d6d4435\" data-element_type=\"container\" data-e-type=\"container\" data-settings=\"{&quot;background_background&quot;:&quot;classic&quot;,&quot;animation&quot;:&quot;none&quot;}\">\n\t\t\t\t\t<div class=\"e-con-inner\">\n\t\t<div class=\"elementor-element elementor-element-29d379d8 e-flex e-con-boxed e-con e-child\" data-id=\"29d379d8\" data-element_type=\"container\" data-e-type=\"container\">\n\t\t\t\t\t<div class=\"e-con-inner\">\n\t\t\t\t<div class=\"elementor-element elementor-element-8f87219 elementor-widget elementor-widget-text-editor\" data-id=\"8f87219\" data-element_type=\"widget\" data-e-type=\"widget\" data-settings=\"{&quot;_animation&quot;:&quot;none&quot;}\" data-widget_type=\"text-editor.default\">\n\t\t\t\t\t\t\t\t\t<h3><span class=\"s1\">Unsere Einzelpreise<\/span><\/h3>\t\t\t\t\t\t\t\t<\/div>\n\t\t\t\t<div class=\"elementor-element elementor-element-77ef2902 elementor-widget elementor-widget-text-editor\" data-id=\"77ef2902\" data-element_type=\"widget\" data-e-type=\"widget\" data-widget_type=\"text-editor.default\">\n\t\t\t\t\t\t\t\t\t<table style=\"border-collapse: collapse; width: 100%; height: 106px;\"><tbody><tr style=\"height: 24px;\"><td style=\"width: 50%; height: 24px;\"><strong>Sauna<\/strong><\/td><td style=\"width: 50%; height: 24px;\">20,- \u20ac pro Person<\/td><\/tr><tr style=\"height: 24px;\"><td style=\"width: 50%; height: 24px;\"><p class=\"p2\"><strong>Whirlpool<\/strong><\/p><\/td><td style=\"width: 50%; height: 24px;\">10,- \u20ac entspricht ca. 20 Minuten<\/td><\/tr><tr><td style=\"width: 50%;\"><p class=\"p2\"><strong>Solarium<\/strong><\/p><\/td><td style=\"width: 50%;\">10,- \u20ac\u00a0<\/td><\/tr><\/tbody><\/table>\t\t\t\t\t\t\t\t<\/div>\n\t\t\t\t\t<\/div>\n\t\t\t\t<\/div>\n\t\t\t\t\t<\/div>\n\t\t\t\t<\/div>\n\t\t\t\t<\/div>\n\t\t","protected":false},"excerpt":{"rendered":"<p>Wellness &amp; pure Entspannung Unser Haus verf\u00fcgt \u00fcber einen Wellnessbereich mit Sauna, Whirlpool und Sonnenbank \u2013 der perfekte Ort, um K\u00f6rper und Geist zur Ruhe kommen zu lassen. Sie brauchen eine Auszeit? Genau jetzt? Dann tauchen Sie ein in unsere Wellnesswelt und lassen Sie den Alltag hinter sich, ob w\u00e4hrend Ihres Urlaubsaufenthaltes oder auch nach [&hellip;]<\/p>\n","protected":false},"author":2,"featured_media":0,"parent":0,"menu_order":0,"comment_status":"closed","ping_status":"closed","template":"elementor_header_footer","meta":{"footnotes":""},"class_list":["post-456","page","type-page","status-publish","hentry"],"yoast_head":"<!-- This site is optimized with the Yoast SEO plugin v27.4 - https:\/\/yoast.com\/product\/yoast-seo-wordpress\/ -->\n<title>Wellness - Hotel M\u00fcgge<\/title>\n<meta name=\"robots\" content=\"index, follow, max-snippet:-1, max-image-preview:large, max-video-preview:-1\" \/>\n<link rel=\"canonical\" href=\"https:\/\/www.hotel-muegge.de\/en\/wellness\/\" \/>\n<meta property=\"og:locale\" content=\"en_GB\" \/>\n<meta property=\"og:type\" content=\"article\" \/>\n<meta property=\"og:title\" content=\"Wellness - Hotel M\u00fcgge\" \/>\n<meta property=\"og:description\" content=\"Wellness &amp; pure Entspannung Unser Haus verf\u00fcgt \u00fcber einen Wellnessbereich mit Sauna, Whirlpool und Sonnenbank \u2013 der perfekte Ort, um K\u00f6rper und Geist zur Ruhe kommen zu lassen. Sie brauchen eine Auszeit? Genau jetzt? Dann tauchen Sie ein in unsere Wellnesswelt und lassen Sie den Alltag hinter sich, ob w\u00e4hrend Ihres Urlaubsaufenthaltes oder auch nach [&hellip;]\" \/>\n<meta property=\"og:url\" content=\"https:\/\/www.hotel-muegge.de\/en\/wellness\/\" \/>\n<meta property=\"og:site_name\" content=\"Hotel M\u00fcgge\" \/>\n<meta property=\"article:modified_time\" content=\"2026-02-02T15:57:31+00:00\" \/>\n<meta property=\"og:image\" content=\"https:\/\/www.hotel-muegge.de\/wp-content\/uploads\/cck-bdb-7.jpg\" \/>\n\t<meta property=\"og:image:width\" content=\"1920\" \/>\n\t<meta property=\"og:image:height\" content=\"1280\" \/>\n\t<meta property=\"og:image:type\" content=\"image\/jpeg\" \/>\n<meta name=\"twitter:card\" content=\"summary_large_image\" \/>\n<meta name=\"twitter:label1\" content=\"Estimated reading time\" \/>\n\t<meta name=\"twitter:data1\" content=\"2 minutes\" \/>\n<script type=\"application\/ld+json\" class=\"yoast-schema-graph\">{\"@context\":\"https:\\\/\\\/schema.org\",\"@graph\":[{\"@type\":\"WebPage\",\"@id\":\"https:\\\/\\\/www.hotel-muegge.de\\\/wellness\\\/\",\"url\":\"https:\\\/\\\/www.hotel-muegge.de\\\/wellness\\\/\",\"name\":\"Wellness - Hotel M\u00fcgge\",\"isPartOf\":{\"@id\":\"https:\\\/\\\/www.hotel-muegge.de\\\/#website\"},\"primaryImageOfPage\":{\"@id\":\"https:\\\/\\\/www.hotel-muegge.de\\\/wellness\\\/#primaryimage\"},\"image\":{\"@id\":\"https:\\\/\\\/www.hotel-muegge.de\\\/wellness\\\/#primaryimage\"},\"thumbnailUrl\":\"https:\\\/\\\/www.hotel-muegge.de\\\/wp-content\\\/uploads\\\/cck-bdb-7-1024x683.jpg\",\"datePublished\":\"2025-09-09T11:37:34+00:00\",\"dateModified\":\"2026-02-02T15:57:31+00:00\",\"breadcrumb\":{\"@id\":\"https:\\\/\\\/www.hotel-muegge.de\\\/wellness\\\/#breadcrumb\"},\"inLanguage\":\"en-GB\",\"potentialAction\":[{\"@type\":\"ReadAction\",\"target\":[\"https:\\\/\\\/www.hotel-muegge.de\\\/wellness\\\/\"]}]},{\"@type\":\"ImageObject\",\"inLanguage\":\"en-GB\",\"@id\":\"https:\\\/\\\/www.hotel-muegge.de\\\/wellness\\\/#primaryimage\",\"url\":\"https:\\\/\\\/www.hotel-muegge.de\\\/wp-content\\\/uploads\\\/cck-bdb-7-1024x683.jpg\",\"contentUrl\":\"https:\\\/\\\/www.hotel-muegge.de\\\/wp-content\\\/uploads\\\/cck-bdb-7-1024x683.jpg\"},{\"@type\":\"BreadcrumbList\",\"@id\":\"https:\\\/\\\/www.hotel-muegge.de\\\/wellness\\\/#breadcrumb\",\"itemListElement\":[{\"@type\":\"ListItem\",\"position\":1,\"name\":\"Startseite\",\"item\":\"https:\\\/\\\/www.hotel-muegge.de\\\/\"},{\"@type\":\"ListItem\",\"position\":2,\"name\":\"Wellness\"}]},{\"@type\":\"WebSite\",\"@id\":\"https:\\\/\\\/www.hotel-muegge.de\\\/#website\",\"url\":\"https:\\\/\\\/www.hotel-muegge.de\\\/\",\"name\":\"Hotel M\u00fcgge\",\"description\":\"Hotel M\u00fcgge am Iberg\",\"publisher\":{\"@id\":\"https:\\\/\\\/www.hotel-muegge.de\\\/#organization\"},\"potentialAction\":[{\"@type\":\"SearchAction\",\"target\":{\"@type\":\"EntryPoint\",\"urlTemplate\":\"https:\\\/\\\/www.hotel-muegge.de\\\/?s={search_term_string}\"},\"query-input\":{\"@type\":\"PropertyValueSpecification\",\"valueRequired\":true,\"valueName\":\"search_term_string\"}}],\"inLanguage\":\"en-GB\"},{\"@type\":\"Organization\",\"@id\":\"https:\\\/\\\/www.hotel-muegge.de\\\/#organization\",\"name\":\"Hotel M\u00fcgge\",\"url\":\"https:\\\/\\\/www.hotel-muegge.de\\\/\",\"logo\":{\"@type\":\"ImageObject\",\"inLanguage\":\"en-GB\",\"@id\":\"https:\\\/\\\/www.hotel-muegge.de\\\/#\\\/schema\\\/logo\\\/image\\\/\",\"url\":\"https:\\\/\\\/www.hotel-muegge.de\\\/wp-content\\\/uploads\\\/cropped-Hotel-Muegge-Logo-scaled-1.png\",\"contentUrl\":\"https:\\\/\\\/www.hotel-muegge.de\\\/wp-content\\\/uploads\\\/cropped-Hotel-Muegge-Logo-scaled-1.png\",\"width\":1386,\"height\":695,\"caption\":\"Hotel M\u00fcgge\"},\"image\":{\"@id\":\"https:\\\/\\\/www.hotel-muegge.de\\\/#\\\/schema\\\/logo\\\/image\\\/\"}}]}<\/script>\n<!-- \/ Yoast SEO plugin. -->","yoast_head_json":{"title":"Wellness - Hotel M\u00fcgge","robots":{"index":"index","follow":"follow","max-snippet":"max-snippet:-1","max-image-preview":"max-image-preview:large","max-video-preview":"max-video-preview:-1"},"canonical":"https:\/\/www.hotel-muegge.de\/en\/wellness\/","og_locale":"en_GB","og_type":"article","og_title":"Wellness - Hotel M\u00fcgge","og_description":"Wellness &amp; pure Entspannung Unser Haus verf\u00fcgt \u00fcber einen Wellnessbereich mit Sauna, Whirlpool und Sonnenbank \u2013 der perfekte Ort, um K\u00f6rper und Geist zur Ruhe kommen zu lassen. Sie brauchen eine Auszeit? Genau jetzt? Dann tauchen Sie ein in unsere Wellnesswelt und lassen Sie den Alltag hinter sich, ob w\u00e4hrend Ihres Urlaubsaufenthaltes oder auch nach [&hellip;]","og_url":"https:\/\/www.hotel-muegge.de\/en\/wellness\/","og_site_name":"Hotel M\u00fcgge","article_modified_time":"2026-02-02T15:57:31+00:00","og_image":[{"width":1920,"height":1280,"url":"https:\/\/www.hotel-muegge.de\/wp-content\/uploads\/cck-bdb-7.jpg","type":"image\/jpeg"}],"twitter_card":"summary_large_image","twitter_misc":{"Estimated reading time":"2 minutes"},"schema":{"@context":"https:\/\/schema.org","@graph":[{"@type":"WebPage","@id":"https:\/\/www.hotel-muegge.de\/wellness\/","url":"https:\/\/www.hotel-muegge.de\/wellness\/","name":"Wellness - Hotel M\u00fcgge","isPartOf":{"@id":"https:\/\/www.hotel-muegge.de\/#website"},"primaryImageOfPage":{"@id":"https:\/\/www.hotel-muegge.de\/wellness\/#primaryimage"},"image":{"@id":"https:\/\/www.hotel-muegge.de\/wellness\/#primaryimage"},"thumbnailUrl":"https:\/\/www.hotel-muegge.de\/wp-content\/uploads\/cck-bdb-7-1024x683.jpg","datePublished":"2025-09-09T11:37:34+00:00","dateModified":"2026-02-02T15:57:31+00:00","breadcrumb":{"@id":"https:\/\/www.hotel-muegge.de\/wellness\/#breadcrumb"},"inLanguage":"en-GB","potentialAction":[{"@type":"ReadAction","target":["https:\/\/www.hotel-muegge.de\/wellness\/"]}]},{"@type":"ImageObject","inLanguage":"en-GB","@id":"https:\/\/www.hotel-muegge.de\/wellness\/#primaryimage","url":"https:\/\/www.hotel-muegge.de\/wp-content\/uploads\/cck-bdb-7-1024x683.jpg","contentUrl":"https:\/\/www.hotel-muegge.de\/wp-content\/uploads\/cck-bdb-7-1024x683.jpg"},{"@type":"BreadcrumbList","@id":"https:\/\/www.hotel-muegge.de\/wellness\/#breadcrumb","itemListElement":[{"@type":"ListItem","position":1,"name":"Startseite","item":"https:\/\/www.hotel-muegge.de\/"},{"@type":"ListItem","position":2,"name":"Wellness"}]},{"@type":"WebSite","@id":"https:\/\/www.hotel-muegge.de\/#website","url":"https:\/\/www.hotel-muegge.de\/","name":"Hotel M\u00fcgge","description":"Hotel M\u00fcgge am Iberg","publisher":{"@id":"https:\/\/www.hotel-muegge.de\/#organization"},"potentialAction":[{"@type":"SearchAction","target":{"@type":"EntryPoint","urlTemplate":"https:\/\/www.hotel-muegge.de\/?s={search_term_string}"},"query-input":{"@type":"PropertyValueSpecification","valueRequired":true,"valueName":"search_term_string"}}],"inLanguage":"en-GB"},{"@type":"Organization","@id":"https:\/\/www.hotel-muegge.de\/#organization","name":"Hotel M\u00fcgge","url":"https:\/\/www.hotel-muegge.de\/","logo":{"@type":"ImageObject","inLanguage":"en-GB","@id":"https:\/\/www.hotel-muegge.de\/#\/schema\/logo\/image\/","url":"https:\/\/www.hotel-muegge.de\/wp-content\/uploads\/cropped-Hotel-Muegge-Logo-scaled-1.png","contentUrl":"https:\/\/www.hotel-muegge.de\/wp-content\/uploads\/cropped-Hotel-Muegge-Logo-scaled-1.png","width":1386,"height":695,"caption":"Hotel M\u00fcgge"},"image":{"@id":"https:\/\/www.hotel-muegge.de\/#\/schema\/logo\/image\/"}}]}},"_links":{"self":[{"href":"https:\/\/www.hotel-muegge.de\/en\/wp-json\/wp\/v2\/pages\/456","targetHints":{"allow":["GET"]}}],"collection":[{"href":"https:\/\/www.hotel-muegge.de\/en\/wp-json\/wp\/v2\/pages"}],"about":[{"href":"https:\/\/www.hotel-muegge.de\/en\/wp-json\/wp\/v2\/types\/page"}],"author":[{"embeddable":true,"href":"https:\/\/www.hotel-muegge.de\/en\/wp-json\/wp\/v2\/users\/2"}],"replies":[{"embeddable":true,"href":"https:\/\/www.hotel-muegge.de\/en\/wp-json\/wp\/v2\/comments?post=456"}],"version-history":[{"count":64,"href":"https:\/\/www.hotel-muegge.de\/en\/wp-json\/wp\/v2\/pages\/456\/revisions"}],"predecessor-version":[{"id":2645,"href":"https:\/\/www.hotel-muegge.de\/en\/wp-json\/wp\/v2\/pages\/456\/revisions\/2645"}],"wp:attachment":[{"href":"https:\/\/www.hotel-muegge.de\/en\/wp-json\/wp\/v2\/media?parent=456"}],"curies":[{"name":"wp","href":"https:\/\/api.w.org\/{rel}","templated":true}]}}