{"id":751,"date":"2025-09-11T18:50:47","date_gmt":"2025-09-11T16:50:47","guid":{"rendered":"https:\/\/www.hotel-muegge.de\/?page_id=751"},"modified":"2026-02-02T16:42:07","modified_gmt":"2026-02-02T15:42:07","slug":"kegelbahn","status":"publish","type":"page","link":"https:\/\/www.hotel-muegge.de\/en\/kegelbahn\/","title":{"rendered":"Skittle alley"},"content":{"rendered":"\t\t<div data-elementor-type=\"wp-page\" data-elementor-id=\"751\" class=\"elementor elementor-751\" data-elementor-post-type=\"page\">\n\t\t\t\t<div class=\"elementor-element elementor-element-652ec776 e-con-full e-flex e-con e-parent\" data-id=\"652ec776\" data-element_type=\"container\" data-e-type=\"container\" data-settings=\"{&quot;background_background&quot;:&quot;slideshow&quot;,&quot;background_slideshow_gallery&quot;:[],&quot;background_slideshow_loop&quot;:&quot;yes&quot;,&quot;background_slideshow_slide_duration&quot;:5000,&quot;background_slideshow_slide_transition&quot;:&quot;fade&quot;,&quot;background_slideshow_transition_duration&quot;:500}\">\n\t\t<div class=\"elementor-element elementor-element-4626b029 e-flex e-con-boxed e-con e-child\" data-id=\"4626b029\" data-element_type=\"container\" data-e-type=\"container\" data-settings=\"{&quot;background_background&quot;:&quot;slideshow&quot;,&quot;background_slideshow_gallery&quot;:[{&quot;id&quot;:225,&quot;url&quot;:&quot;https:\\\/\\\/www.hotel-muegge.de\\\/wp-content\\\/uploads\\\/Hotel-Muegge-Kegelbahn-2.jpg&quot;},{&quot;id&quot;:224,&quot;url&quot;:&quot;https:\\\/\\\/www.hotel-muegge.de\\\/wp-content\\\/uploads\\\/Hotel-Muegge-Kegelbahn-1.jpg&quot;},{&quot;id&quot;:227,&quot;url&quot;:&quot;https:\\\/\\\/www.hotel-muegge.de\\\/wp-content\\\/uploads\\\/Hotel-Muegge-Kegelbahn-4.jpg&quot;},{&quot;id&quot;:1325,&quot;url&quot;:&quot;https:\\\/\\\/www.hotel-muegge.de\\\/wp-content\\\/uploads\\\/Hotel-Muegge-Kegelbahn-7.jpg&quot;},{&quot;id&quot;:226,&quot;url&quot;:&quot;https:\\\/\\\/www.hotel-muegge.de\\\/wp-content\\\/uploads\\\/Hotel-Muegge-Kegelbahn-3.jpg&quot;}],&quot;background_slideshow_slide_duration&quot;:2500,&quot;background_slideshow_transition_duration&quot;:2500,&quot;background_slideshow_loop&quot;:&quot;yes&quot;,&quot;background_slideshow_slide_transition&quot;:&quot;fade&quot;}\">\n\t\t\t\t\t<div class=\"e-con-inner\">\n\t\t\t\t\t<\/div>\n\t\t\t\t<\/div>\n\t\t\t\t<\/div>\n\t\t<div class=\"elementor-element elementor-element-38287ff e-flex e-con-boxed e-con e-parent\" data-id=\"38287ff\" data-element_type=\"container\" data-e-type=\"container\" data-settings=\"{&quot;animation&quot;:&quot;none&quot;}\">\n\t\t\t\t\t<div class=\"e-con-inner\">\n\t\t\t\t<div class=\"elementor-element elementor-element-1bc15bf5 elementor-widget elementor-widget-text-editor\" data-id=\"1bc15bf5\" data-element_type=\"widget\" data-e-type=\"widget\" data-widget_type=\"text-editor.default\">\n\t\t\t\t\t\t\t\t\t<h1>Unsere Kegelbahn<\/h1>\t\t\t\t\t\t\t\t<\/div>\n\t\t\t\t<div class=\"elementor-element elementor-element-627b5514 elementor-widget-divider--view-line_icon elementor-view-default elementor-widget-divider--element-align-center elementor-widget elementor-widget-divider\" data-id=\"627b5514\" data-element_type=\"widget\" data-e-type=\"widget\" data-widget_type=\"divider.default\">\n\t\t\t\t\t\t\t<div class=\"elementor-divider\">\n\t\t\t<span class=\"elementor-divider-separator\">\n\t\t\t\t\t\t\t<div class=\"elementor-icon elementor-divider__element\">\n\t\t\t\t\t<svg xmlns=\"http:\/\/www.w3.org\/2000\/svg\" id=\"Krone\" viewBox=\"0 0 642.4 429.8\"><defs><style>      .st0 {        fill: #dbae00;        stroke: #dbae00;        stroke-miterlimit: 10;      }    <\/style><\/defs><path class=\"st0\" d=\"M199,256.5c-2.5,5.8-3.1,13.2-11.4,15.2-3.9.9-7,.4-10.4-1.4-37.3-31.4-80.1-57.6-121.8-84.8l-5.8-3.3c.2.4.6.7.9,1.2,4.7,9.5,8.9,20.5,13,30.3,14.1,33.7,26.9,67.5,36.2,102.4,1.4,5.3,6,19.5,5.2,24.1-1.3,7.6-15.1,8.9-18.6.9-15.5-62.9-73.4-184.1-73.4-184.1-4.8-8.8,5.2-18.1,16.1-14.2,1.8.6,6,4.1,7,4.9,5.9,5.1,13.8,10.7,20.3,15.5,29.2,21.5,60.7,42.4,91.4,62.4,9.6,6.2,19.6,13.1,29.5,18.9.4.2,1.7,1.1,2,.9,34.6-65.3,73.7-128.8,116.2-190.8,6.5-9.5,13.1-19,19.8-28.4,1.4-1.9,2.6-4.4,4.5-6.3,6.2-6.4,17.7-4.8,21.2,2.9,4.1,8.8,6.9,20.9,10.3,30.3,17.8,49.4,38.3,99.5,61,147.5,7.7,16.3,15.7,32.5,24.8,48.2,50-28.2,99.7-56.8,152.6-81.1,3.5-1.6,18.7-8.4,20.4-8.7,10.2-2.3,18.9,5.4,15.2,13.7-.6,1.3-4.1,4.9-4.8,5.5-3.4,2.7-9.9,11-12.9,14.6-32.7,39.2-59.6,90.3-81,134.7-5.2,10.7-9.5,22.9-15.3,33.1-12.6,22.2-30.7,18.4-55.1,13.5-16.8-3.3-248.6-24.8-340.1-.6-7.4,2-14.3,6.5-21.3,9.1-14.9,5.4-25.8-10.9-12-18.3,4.2-2.3,10.8-5,15.7-6.4,105.6-31.1,366.5-1.8,382.1-.6,5.4.4,6.6-2.3,8.7-5.9,4.8-7.7,8.4-16.8,12.8-24.8,9.8-17.8,21-35,31.3-52.6,6.8-11.7,13-23.7,19.8-35.4,9.2-15.8,18.9-31.5,29.2-46.8-12.3,4.7-24.2,10.2-35.8,15.9-38.6,18.8-74.6,41.1-108.4,65.4-6.2,3.1-13.2,1.7-17-3.4l-95.6-220.4\"><\/path><\/svg><\/div>\n\t\t\t\t\t\t<\/span>\n\t\t<\/div>\n\t\t\t\t\t\t<\/div>\n\t\t\t\t<div class=\"elementor-element elementor-element-1dffdd14 elementor-widget elementor-widget-text-editor\" data-id=\"1dffdd14\" data-element_type=\"widget\" data-e-type=\"widget\" data-widget_type=\"text-editor.default\">\n\t\t\t\t\t\t\t\t\t<p>\u201eAlle Neune\u201c, wer kennt diesen Ruf nicht, die Begeisterung zum Kegeln lebt immer noch und kennt keine Grenzen!\u00a0<\/p><p>Unsere doppelte Bundeskegelbahn bietet Ihnen den richtigen Platz f\u00fcr Ihren Kegelspa\u00df. Hier kommt bestimmt keine Langeweile auf.\u00a0<\/p><p>Nicht nur Vereine oder Kegelclubs finden hier Spa\u00df am Kegeln. Mit einer geselligen Kegelrunde wird die Kegelbahn f\u00fcr ein paar Stunden zum Highlight f\u00fcr Gro\u00df und Klein.<\/p><p>Egal, ob nur einige Stunden oder einen ganzen Abend, mit Sitzpl\u00e4tzen bis maximal 15 Personen haben Sie auf unserer Kegelbahn die M\u00f6glichkeit, unterhaltsame Stunden zu verbringen.<\/p>\t\t\t\t\t\t\t\t<\/div>\n\t\t\t\t\t<\/div>\n\t\t\t\t<\/div>\n\t\t<div class=\"elementor-element elementor-element-3b5929fc animated-slow e-flex e-con-boxed e-con e-parent\" data-id=\"3b5929fc\" data-element_type=\"container\" data-e-type=\"container\" data-settings=\"{&quot;background_background&quot;:&quot;classic&quot;,&quot;animation&quot;:&quot;none&quot;}\">\n\t\t\t\t\t<div class=\"e-con-inner\">\n\t\t<div class=\"elementor-element elementor-element-70fdc5b2 e-flex e-con-boxed e-con e-child\" data-id=\"70fdc5b2\" data-element_type=\"container\" data-e-type=\"container\">\n\t\t\t\t\t<div class=\"e-con-inner\">\n\t\t\t\t<div class=\"elementor-element elementor-element-2d6f94ff elementor-widget elementor-widget-text-editor\" data-id=\"2d6f94ff\" data-element_type=\"widget\" data-e-type=\"widget\" data-settings=\"{&quot;_animation&quot;:&quot;none&quot;}\" data-widget_type=\"text-editor.default\">\n\t\t\t\t\t\t\t\t\t<h2><span class=\"s1\">Kegelbahn mieten<\/span><\/h2>\t\t\t\t\t\t\t\t<\/div>\n\t\t\t\t<div class=\"elementor-element elementor-element-1deafce5 elementor-widget elementor-widget-text-editor\" data-id=\"1deafce5\" data-element_type=\"widget\" data-e-type=\"widget\" data-widget_type=\"text-editor.default\">\n\t\t\t\t\t\t\t\t\t<p>F\u00fcr Hotelg\u00e4ste, Geburtstage und Einzelbuchungen berechnen wir 30,- \u20ac pro Stunde f\u00fcr beide Bahnen.<\/p><p>F\u00fcr regelm\u00e4\u00dfige Vereinsbesuche gelten gesonderte Preise, bitte sprechen Sie uns pers\u00f6nlich darauf\u00a0 an:<\/p><p>Telefon 05202\u00a0 91460<\/p><p>Reservierungen nimmt unsere Rezeption gerne entgegen. Vergessen Sie bitte nicht, passendes Schuhwerk mitzubringen, Stra\u00dfenschuhe sind nicht gestattet.<\/p>\t\t\t\t\t\t\t\t<\/div>\n\t\t\t\t\t<\/div>\n\t\t\t\t<\/div>\n\t\t<div class=\"elementor-element elementor-element-1082703c e-con-full e-flex e-con e-child\" data-id=\"1082703c\" data-element_type=\"container\" data-e-type=\"container\">\n\t\t\t\t<div class=\"elementor-element elementor-element-d2ab6ef elementor-widget elementor-widget-image\" data-id=\"d2ab6ef\" data-element_type=\"widget\" data-e-type=\"widget\" data-widget_type=\"image.default\">\n\t\t\t\t\t\t\t\t\t\t\t\t\t\t\t<img fetchpriority=\"high\" decoding=\"async\" width=\"800\" height=\"534\" src=\"https:\/\/www.hotel-muegge.de\/wp-content\/uploads\/Hotel-Muegge-Kegelbahn-10-1024x683.jpg\" class=\"attachment-large size-large wp-image-1328\" alt=\"\" srcset=\"https:\/\/www.hotel-muegge.de\/wp-content\/uploads\/Hotel-Muegge-Kegelbahn-10-1024x683.jpg 1024w, https:\/\/www.hotel-muegge.de\/wp-content\/uploads\/Hotel-Muegge-Kegelbahn-10-300x200.jpg 300w, https:\/\/www.hotel-muegge.de\/wp-content\/uploads\/Hotel-Muegge-Kegelbahn-10-768x512.jpg 768w, https:\/\/www.hotel-muegge.de\/wp-content\/uploads\/Hotel-Muegge-Kegelbahn-10-1536x1024.jpg 1536w, https:\/\/www.hotel-muegge.de\/wp-content\/uploads\/Hotel-Muegge-Kegelbahn-10.jpg 1920w\" sizes=\"(max-width: 800px) 100vw, 800px\" \/>\t\t\t\t\t\t\t\t\t\t\t\t\t\t\t<\/div>\n\t\t\t\t<\/div>\n\t\t\t\t\t<\/div>\n\t\t\t\t<\/div>\n\t\t\t\t<\/div>\n\t\t","protected":false},"excerpt":{"rendered":"<p>Unsere Kegelbahn \u201eAlle Neune\u201c, wer kennt diesen Ruf nicht, die Begeisterung zum Kegeln lebt immer noch und kennt keine Grenzen!\u00a0 Unsere doppelte Bundeskegelbahn bietet Ihnen den richtigen Platz f\u00fcr Ihren Kegelspa\u00df. Hier kommt bestimmt keine Langeweile auf.\u00a0 Nicht nur Vereine oder Kegelclubs finden hier Spa\u00df am Kegeln. Mit einer geselligen Kegelrunde wird die Kegelbahn f\u00fcr [&hellip;]<\/p>\n","protected":false},"author":2,"featured_media":0,"parent":0,"menu_order":0,"comment_status":"closed","ping_status":"closed","template":"elementor_header_footer","meta":{"footnotes":""},"class_list":["post-751","page","type-page","status-publish","hentry"],"yoast_head":"<!-- This site is optimized with the Yoast SEO plugin v27.4 - https:\/\/yoast.com\/product\/yoast-seo-wordpress\/ -->\n<title>Kegelbahn - Hotel M\u00fcgge<\/title>\n<meta name=\"robots\" content=\"index, follow, max-snippet:-1, max-image-preview:large, max-video-preview:-1\" \/>\n<link rel=\"canonical\" href=\"https:\/\/www.hotel-muegge.de\/en\/kegelbahn\/\" \/>\n<meta property=\"og:locale\" content=\"en_GB\" \/>\n<meta property=\"og:type\" content=\"article\" \/>\n<meta property=\"og:title\" content=\"Kegelbahn - Hotel M\u00fcgge\" \/>\n<meta property=\"og:description\" content=\"Unsere Kegelbahn \u201eAlle Neune\u201c, wer kennt diesen Ruf nicht, die Begeisterung zum Kegeln lebt immer noch und kennt keine Grenzen!\u00a0 Unsere doppelte Bundeskegelbahn bietet Ihnen den richtigen Platz f\u00fcr Ihren Kegelspa\u00df. Hier kommt bestimmt keine Langeweile auf.\u00a0 Nicht nur Vereine oder Kegelclubs finden hier Spa\u00df am Kegeln. Mit einer geselligen Kegelrunde wird die Kegelbahn f\u00fcr [&hellip;]\" \/>\n<meta property=\"og:url\" content=\"https:\/\/www.hotel-muegge.de\/en\/kegelbahn\/\" \/>\n<meta property=\"og:site_name\" content=\"Hotel M\u00fcgge\" \/>\n<meta property=\"article:modified_time\" content=\"2026-02-02T15:42:07+00:00\" \/>\n<meta property=\"og:image\" content=\"https:\/\/www.hotel-muegge.de\/wp-content\/uploads\/Hotel-Muegge-Kegelbahn-10.jpg\" \/>\n\t<meta property=\"og:image:width\" content=\"1920\" \/>\n\t<meta property=\"og:image:height\" content=\"1280\" \/>\n\t<meta property=\"og:image:type\" content=\"image\/jpeg\" \/>\n<meta name=\"twitter:card\" content=\"summary_large_image\" \/>\n<meta name=\"twitter:label1\" content=\"Estimated reading time\" \/>\n\t<meta name=\"twitter:data1\" content=\"1 minute\" \/>\n<script type=\"application\/ld+json\" class=\"yoast-schema-graph\">{\"@context\":\"https:\\\/\\\/schema.org\",\"@graph\":[{\"@type\":\"WebPage\",\"@id\":\"https:\\\/\\\/www.hotel-muegge.de\\\/kegelbahn\\\/\",\"url\":\"https:\\\/\\\/www.hotel-muegge.de\\\/kegelbahn\\\/\",\"name\":\"Kegelbahn - Hotel M\u00fcgge\",\"isPartOf\":{\"@id\":\"https:\\\/\\\/www.hotel-muegge.de\\\/#website\"},\"primaryImageOfPage\":{\"@id\":\"https:\\\/\\\/www.hotel-muegge.de\\\/kegelbahn\\\/#primaryimage\"},\"image\":{\"@id\":\"https:\\\/\\\/www.hotel-muegge.de\\\/kegelbahn\\\/#primaryimage\"},\"thumbnailUrl\":\"https:\\\/\\\/www.hotel-muegge.de\\\/wp-content\\\/uploads\\\/Hotel-Muegge-Kegelbahn-10-1024x683.jpg\",\"datePublished\":\"2025-09-11T16:50:47+00:00\",\"dateModified\":\"2026-02-02T15:42:07+00:00\",\"breadcrumb\":{\"@id\":\"https:\\\/\\\/www.hotel-muegge.de\\\/kegelbahn\\\/#breadcrumb\"},\"inLanguage\":\"en-GB\",\"potentialAction\":[{\"@type\":\"ReadAction\",\"target\":[\"https:\\\/\\\/www.hotel-muegge.de\\\/kegelbahn\\\/\"]}]},{\"@type\":\"ImageObject\",\"inLanguage\":\"en-GB\",\"@id\":\"https:\\\/\\\/www.hotel-muegge.de\\\/kegelbahn\\\/#primaryimage\",\"url\":\"https:\\\/\\\/www.hotel-muegge.de\\\/wp-content\\\/uploads\\\/Hotel-Muegge-Kegelbahn-10-1024x683.jpg\",\"contentUrl\":\"https:\\\/\\\/www.hotel-muegge.de\\\/wp-content\\\/uploads\\\/Hotel-Muegge-Kegelbahn-10-1024x683.jpg\"},{\"@type\":\"BreadcrumbList\",\"@id\":\"https:\\\/\\\/www.hotel-muegge.de\\\/kegelbahn\\\/#breadcrumb\",\"itemListElement\":[{\"@type\":\"ListItem\",\"position\":1,\"name\":\"Startseite\",\"item\":\"https:\\\/\\\/www.hotel-muegge.de\\\/\"},{\"@type\":\"ListItem\",\"position\":2,\"name\":\"Kegelbahn\"}]},{\"@type\":\"WebSite\",\"@id\":\"https:\\\/\\\/www.hotel-muegge.de\\\/#website\",\"url\":\"https:\\\/\\\/www.hotel-muegge.de\\\/\",\"name\":\"Hotel M\u00fcgge\",\"description\":\"Hotel M\u00fcgge am Iberg\",\"publisher\":{\"@id\":\"https:\\\/\\\/www.hotel-muegge.de\\\/#organization\"},\"potentialAction\":[{\"@type\":\"SearchAction\",\"target\":{\"@type\":\"EntryPoint\",\"urlTemplate\":\"https:\\\/\\\/www.hotel-muegge.de\\\/?s={search_term_string}\"},\"query-input\":{\"@type\":\"PropertyValueSpecification\",\"valueRequired\":true,\"valueName\":\"search_term_string\"}}],\"inLanguage\":\"en-GB\"},{\"@type\":\"Organization\",\"@id\":\"https:\\\/\\\/www.hotel-muegge.de\\\/#organization\",\"name\":\"Hotel M\u00fcgge\",\"url\":\"https:\\\/\\\/www.hotel-muegge.de\\\/\",\"logo\":{\"@type\":\"ImageObject\",\"inLanguage\":\"en-GB\",\"@id\":\"https:\\\/\\\/www.hotel-muegge.de\\\/#\\\/schema\\\/logo\\\/image\\\/\",\"url\":\"https:\\\/\\\/www.hotel-muegge.de\\\/wp-content\\\/uploads\\\/cropped-Hotel-Muegge-Logo-scaled-1.png\",\"contentUrl\":\"https:\\\/\\\/www.hotel-muegge.de\\\/wp-content\\\/uploads\\\/cropped-Hotel-Muegge-Logo-scaled-1.png\",\"width\":1386,\"height\":695,\"caption\":\"Hotel M\u00fcgge\"},\"image\":{\"@id\":\"https:\\\/\\\/www.hotel-muegge.de\\\/#\\\/schema\\\/logo\\\/image\\\/\"}}]}<\/script>\n<!-- \/ Yoast SEO plugin. -->","yoast_head_json":{"title":"Kegelbahn - Hotel M\u00fcgge","robots":{"index":"index","follow":"follow","max-snippet":"max-snippet:-1","max-image-preview":"max-image-preview:large","max-video-preview":"max-video-preview:-1"},"canonical":"https:\/\/www.hotel-muegge.de\/en\/kegelbahn\/","og_locale":"en_GB","og_type":"article","og_title":"Kegelbahn - Hotel M\u00fcgge","og_description":"Unsere Kegelbahn \u201eAlle Neune\u201c, wer kennt diesen Ruf nicht, die Begeisterung zum Kegeln lebt immer noch und kennt keine Grenzen!\u00a0 Unsere doppelte Bundeskegelbahn bietet Ihnen den richtigen Platz f\u00fcr Ihren Kegelspa\u00df. Hier kommt bestimmt keine Langeweile auf.\u00a0 Nicht nur Vereine oder Kegelclubs finden hier Spa\u00df am Kegeln. Mit einer geselligen Kegelrunde wird die Kegelbahn f\u00fcr [&hellip;]","og_url":"https:\/\/www.hotel-muegge.de\/en\/kegelbahn\/","og_site_name":"Hotel M\u00fcgge","article_modified_time":"2026-02-02T15:42:07+00:00","og_image":[{"width":1920,"height":1280,"url":"https:\/\/www.hotel-muegge.de\/wp-content\/uploads\/Hotel-Muegge-Kegelbahn-10.jpg","type":"image\/jpeg"}],"twitter_card":"summary_large_image","twitter_misc":{"Estimated reading time":"1 minute"},"schema":{"@context":"https:\/\/schema.org","@graph":[{"@type":"WebPage","@id":"https:\/\/www.hotel-muegge.de\/kegelbahn\/","url":"https:\/\/www.hotel-muegge.de\/kegelbahn\/","name":"Kegelbahn - Hotel M\u00fcgge","isPartOf":{"@id":"https:\/\/www.hotel-muegge.de\/#website"},"primaryImageOfPage":{"@id":"https:\/\/www.hotel-muegge.de\/kegelbahn\/#primaryimage"},"image":{"@id":"https:\/\/www.hotel-muegge.de\/kegelbahn\/#primaryimage"},"thumbnailUrl":"https:\/\/www.hotel-muegge.de\/wp-content\/uploads\/Hotel-Muegge-Kegelbahn-10-1024x683.jpg","datePublished":"2025-09-11T16:50:47+00:00","dateModified":"2026-02-02T15:42:07+00:00","breadcrumb":{"@id":"https:\/\/www.hotel-muegge.de\/kegelbahn\/#breadcrumb"},"inLanguage":"en-GB","potentialAction":[{"@type":"ReadAction","target":["https:\/\/www.hotel-muegge.de\/kegelbahn\/"]}]},{"@type":"ImageObject","inLanguage":"en-GB","@id":"https:\/\/www.hotel-muegge.de\/kegelbahn\/#primaryimage","url":"https:\/\/www.hotel-muegge.de\/wp-content\/uploads\/Hotel-Muegge-Kegelbahn-10-1024x683.jpg","contentUrl":"https:\/\/www.hotel-muegge.de\/wp-content\/uploads\/Hotel-Muegge-Kegelbahn-10-1024x683.jpg"},{"@type":"BreadcrumbList","@id":"https:\/\/www.hotel-muegge.de\/kegelbahn\/#breadcrumb","itemListElement":[{"@type":"ListItem","position":1,"name":"Startseite","item":"https:\/\/www.hotel-muegge.de\/"},{"@type":"ListItem","position":2,"name":"Kegelbahn"}]},{"@type":"WebSite","@id":"https:\/\/www.hotel-muegge.de\/#website","url":"https:\/\/www.hotel-muegge.de\/","name":"Hotel M\u00fcgge","description":"Hotel M\u00fcgge am Iberg","publisher":{"@id":"https:\/\/www.hotel-muegge.de\/#organization"},"potentialAction":[{"@type":"SearchAction","target":{"@type":"EntryPoint","urlTemplate":"https:\/\/www.hotel-muegge.de\/?s={search_term_string}"},"query-input":{"@type":"PropertyValueSpecification","valueRequired":true,"valueName":"search_term_string"}}],"inLanguage":"en-GB"},{"@type":"Organization","@id":"https:\/\/www.hotel-muegge.de\/#organization","name":"Hotel M\u00fcgge","url":"https:\/\/www.hotel-muegge.de\/","logo":{"@type":"ImageObject","inLanguage":"en-GB","@id":"https:\/\/www.hotel-muegge.de\/#\/schema\/logo\/image\/","url":"https:\/\/www.hotel-muegge.de\/wp-content\/uploads\/cropped-Hotel-Muegge-Logo-scaled-1.png","contentUrl":"https:\/\/www.hotel-muegge.de\/wp-content\/uploads\/cropped-Hotel-Muegge-Logo-scaled-1.png","width":1386,"height":695,"caption":"Hotel M\u00fcgge"},"image":{"@id":"https:\/\/www.hotel-muegge.de\/#\/schema\/logo\/image\/"}}]}},"_links":{"self":[{"href":"https:\/\/www.hotel-muegge.de\/en\/wp-json\/wp\/v2\/pages\/751","targetHints":{"allow":["GET"]}}],"collection":[{"href":"https:\/\/www.hotel-muegge.de\/en\/wp-json\/wp\/v2\/pages"}],"about":[{"href":"https:\/\/www.hotel-muegge.de\/en\/wp-json\/wp\/v2\/types\/page"}],"author":[{"embeddable":true,"href":"https:\/\/www.hotel-muegge.de\/en\/wp-json\/wp\/v2\/users\/2"}],"replies":[{"embeddable":true,"href":"https:\/\/www.hotel-muegge.de\/en\/wp-json\/wp\/v2\/comments?post=751"}],"version-history":[{"count":67,"href":"https:\/\/www.hotel-muegge.de\/en\/wp-json\/wp\/v2\/pages\/751\/revisions"}],"predecessor-version":[{"id":2635,"href":"https:\/\/www.hotel-muegge.de\/en\/wp-json\/wp\/v2\/pages\/751\/revisions\/2635"}],"wp:attachment":[{"href":"https:\/\/www.hotel-muegge.de\/en\/wp-json\/wp\/v2\/media?parent=751"}],"curies":[{"name":"wp","href":"https:\/\/api.w.org\/{rel}","templated":true}]}}